{"id":139,"date":"2020-05-05T19:51:06","date_gmt":"2020-05-05T19:51:06","guid":{"rendered":"http:\/\/pomae.org\/?page_id=139"},"modified":"2020-07-23T00:22:17","modified_gmt":"2020-07-23T00:22:17","slug":"ordre-du-jour-9-mai-2020","status":"publish","type":"page","link":"http:\/\/pomae.org\/fr\/assemblees-generales\/ordre-du-jour-9-mai-2020\/","title":{"rendered":"Ordre du jour -9 mai 2020"},"content":{"rendered":"<p>Pri\u00e8re et Hymne Yemba 18h :00<br \/>\n2. D\u00e9signation de pr\u00e9sident(e) de s\u00e9ance<br \/>\n18h :10<br \/>\n3. Lecture et approbation\/modification du rapport de la derni\u00e8re<br \/>\nr\u00e9union<br \/>\n18h :15<br \/>\n4. Approbation de l\u2019ordre du jour 18h :30<br \/>\n5. Page Yemba 18h :40<br \/>\n6. Projet- distribution des masques 19h :00<br \/>\n7. Contributions mensuelles- proposition de Nestor- follow up 19h 30<br \/>\n8. Suppression de l\u2019Assurance vie 20h 00<br \/>\n9. Sanctions de la r\u00e9union pr\u00e9c\u00e9dente 20h :10<br \/>\n10. Cr\u00e9ation d\u2019un comit\u00e9 sur l\u2019amendement des statuts \u2013 comment<br \/>\ninclure les enfants dans les statuts ?<br \/>\n20h :20<br \/>\n11. COLLATION (chacun pour soi) 21h :00<br \/>\n12. Annonces et Divers: 21h : 15<\/p>","protected":false},"excerpt":{"rendered":"<p>Pri\u00e8re et Hymne Yemba 18h :00 2. D\u00e9signation de [&hellip;]<\/p>\n","protected":false},"author":1,"featured_media":0,"parent":235,"menu_order":0,"comment_status":"closed","ping_status":"closed","template":"","meta":{"give_campaign_id":0,"footnotes":""},"class_list":["post-139","page","type-page","status-publish","hentry"],"campaignId":"","_links":{"self":[{"href":"http:\/\/pomae.org\/fr\/wp-json\/wp\/v2\/pages\/139","targetHints":{"allow":["GET"]}}],"collection":[{"href":"http:\/\/pomae.org\/fr\/wp-json\/wp\/v2\/pages"}],"about":[{"href":"http:\/\/pomae.org\/fr\/wp-json\/wp\/v2\/types\/page"}],"author":[{"embeddable":true,"href":"http:\/\/pomae.org\/fr\/wp-json\/wp\/v2\/users\/1"}],"replies":[{"embeddable":true,"href":"http:\/\/pomae.org\/fr\/wp-json\/wp\/v2\/comments?post=139"}],"version-history":[{"count":1,"href":"http:\/\/pomae.org\/fr\/wp-json\/wp\/v2\/pages\/139\/revisions"}],"predecessor-version":[{"id":140,"href":"http:\/\/pomae.org\/fr\/wp-json\/wp\/v2\/pages\/139\/revisions\/140"}],"up":[{"embeddable":true,"href":"http:\/\/pomae.org\/fr\/wp-json\/wp\/v2\/pages\/235"}],"wp:attachment":[{"href":"http:\/\/pomae.org\/fr\/wp-json\/wp\/v2\/media?parent=139"}],"curies":[{"name":"wp","href":"https:\/\/api.w.org\/{rel}","templated":true}]}}