{"id":235,"date":"2020-07-23T00:20:26","date_gmt":"2020-07-23T00:20:26","guid":{"rendered":"http:\/\/pomae.org\/?page_id=235"},"modified":"2020-07-23T00:20:50","modified_gmt":"2020-07-23T00:20:50","slug":"assemblees-generales","status":"publish","type":"page","link":"http:\/\/pomae.org\/fr\/assemblees-generales\/","title":{"rendered":"Assembl\u00e9es G\u00e9n\u00e9rales"},"content":{"rendered":"<p>Nos AG<\/p>\n<p>&nbsp;<\/p>","protected":false},"excerpt":{"rendered":"<p>Nos AG &nbsp;<\/p>","protected":false},"author":1,"featured_media":0,"parent":0,"menu_order":0,"comment_status":"closed","ping_status":"closed","template":"","meta":{"give_campaign_id":0,"footnotes":""},"class_list":["post-235","page","type-page","status-publish","hentry"],"campaignId":"","_links":{"self":[{"href":"http:\/\/pomae.org\/fr\/wp-json\/wp\/v2\/pages\/235","targetHints":{"allow":["GET"]}}],"collection":[{"href":"http:\/\/pomae.org\/fr\/wp-json\/wp\/v2\/pages"}],"about":[{"href":"http:\/\/pomae.org\/fr\/wp-json\/wp\/v2\/types\/page"}],"author":[{"embeddable":true,"href":"http:\/\/pomae.org\/fr\/wp-json\/wp\/v2\/users\/1"}],"replies":[{"embeddable":true,"href":"http:\/\/pomae.org\/fr\/wp-json\/wp\/v2\/comments?post=235"}],"version-history":[{"count":2,"href":"http:\/\/pomae.org\/fr\/wp-json\/wp\/v2\/pages\/235\/revisions"}],"predecessor-version":[{"id":237,"href":"http:\/\/pomae.org\/fr\/wp-json\/wp\/v2\/pages\/235\/revisions\/237"}],"wp:attachment":[{"href":"http:\/\/pomae.org\/fr\/wp-json\/wp\/v2\/media?parent=235"}],"curies":[{"name":"wp","href":"https:\/\/api.w.org\/{rel}","templated":true}]}}